{"id":123,"date":"2025-05-15T15:07:59","date_gmt":"2025-05-15T15:07:59","guid":{"rendered":"https:\/\/sandybrown-skunk-489713.hostingersite.com\/?page_id=123"},"modified":"2025-11-19T10:45:36","modified_gmt":"2025-11-19T10:45:36","slug":"try-it","status":"publish","type":"page","link":"https:\/\/herocamper.ro\/hu\/try-it\/","title":{"rendered":"Pr\u00f3b\u00e1ld Ki"},"content":{"rendered":"\t\t<div data-elementor-type=\"wp-page\" data-elementor-id=\"123\" class=\"elementor elementor-123\" data-elementor-post-type=\"page\">\n\t\t\t\t<div class=\"elementor-element elementor-element-707db09 e-flex e-con-boxed e-con e-parent\" data-id=\"707db09\" data-element_type=\"container\" data-e-type=\"container\" data-settings=\"{&quot;background_background&quot;:&quot;classic&quot;}\">\n\t\t\t\t\t<div class=\"e-con-inner\">\n\t\t\t\t<div class=\"elementor-element elementor-element-b422aa9 elementor-hidden-desktop elementor-hidden-tablet elementor-hidden-mobile_extra elementor-widget elementor-widget-spacer\" data-id=\"b422aa9\" data-element_type=\"widget\" data-e-type=\"widget\" data-widget_type=\"spacer.default\">\n\t\t\t\t<div class=\"elementor-widget-container\">\n\t\t\t\t\t\t\t<div class=\"elementor-spacer\">\n\t\t\t<div class=\"elementor-spacer-inner\"><\/div>\n\t\t<\/div>\n\t\t\t\t\t\t<\/div>\n\t\t\t\t<\/div>\n\t\t\t\t<div class=\"elementor-element elementor-element-86869e8 elementor-widget__width-initial elementor-widget elementor-widget-heading\" data-id=\"86869e8\" data-element_type=\"widget\" data-e-type=\"widget\" data-widget_type=\"heading.default\">\n\t\t\t\t<div class=\"elementor-widget-container\">\n\t\t\t\t\t<h2 class=\"elementor-heading-title elementor-size-default\">Avem mai multe de \u00eenchiriat<\/h2>\t\t\t\t<\/div>\n\t\t\t\t<\/div>\n\t\t\t\t<div class=\"elementor-element elementor-element-b53cab0 elementor-widget__width-initial elementor-widget elementor-widget-text-editor\" data-id=\"b53cab0\" data-element_type=\"widget\" data-e-type=\"widget\" data-widget_type=\"text-editor.default\">\n\t\t\t\t<div class=\"elementor-widget-container\">\n\t\t\t\t\t\t\t\t\t<p class=\"p1\">Completeaz\u0103 acest formular sau viziteaz\u0103 site-ul nostru partener <span style=\"text-decoration: underline;\"><a href=\"https:\/\/2explore.ro\">2explore.ro<\/a><\/span> pentru a vedea \u00eentreaga noastr\u0103 ofert\u0103 de \u00eenchirieri.<\/p>\t\t\t\t\t\t\t\t<\/div>\n\t\t\t\t<\/div>\n\t\t\t\t<div class=\"elementor-element elementor-element-ff353cb elementor-widget elementor-widget-button\" data-id=\"ff353cb\" data-element_type=\"widget\" data-e-type=\"widget\" data-widget_type=\"button.default\">\n\t\t\t\t<div class=\"elementor-widget-container\">\n\t\t\t\t\t\t\t\t\t<div class=\"elementor-button-wrapper\">\n\t\t\t\t\t<a class=\"elementor-button elementor-button-link elementor-size-sm\" href=\"https:\/\/2explore.ro\">\n\t\t\t\t\t\t<span class=\"elementor-button-content-wrapper\">\n\t\t\t\t\t\t\t\t\t<span class=\"elementor-button-text\">Visit 2explore.ro for rental details<\/span>\n\t\t\t\t\t<\/span>\n\t\t\t\t\t<\/a>\n\t\t\t\t<\/div>\n\t\t\t\t\t\t\t\t<\/div>\n\t\t\t\t<\/div>\n\t\t\t\t\t<\/div>\n\t\t\t\t<\/div>\n\t\t<div class=\"elementor-element elementor-element-9412874 e-flex e-con-boxed e-con e-parent\" data-id=\"9412874\" data-element_type=\"container\" data-e-type=\"container\" data-settings=\"{&quot;background_background&quot;:&quot;classic&quot;}\">\n\t\t\t\t\t<div class=\"e-con-inner\">\n\t\t<div class=\"elementor-element elementor-element-6dd510a e-con-full e-flex e-con e-child\" data-id=\"6dd510a\" data-element_type=\"container\" data-e-type=\"container\" data-settings=\"{&quot;background_background&quot;:&quot;classic&quot;}\">\n\t\t<div class=\"elementor-element elementor-element-252e0ad e-con-full e-flex e-con e-child\" data-id=\"252e0ad\" data-element_type=\"container\" data-e-type=\"container\">\n\t\t<div class=\"elementor-element elementor-element-85fbdb0 e-con-full elementor-hidden-mobile_extra elementor-hidden-mobile e-flex e-con e-child\" data-id=\"85fbdb0\" data-element_type=\"container\" data-e-type=\"container\">\n\t\t\t\t<div class=\"elementor-element elementor-element-4aacf3d elementor-widget elementor-widget-image\" data-id=\"4aacf3d\" data-element_type=\"widget\" data-e-type=\"widget\" data-widget_type=\"image.default\">\n\t\t\t\t<div class=\"elementor-widget-container\">\n\t\t\t\t\t\t\t\t\t\t\t\t\t\t\t<img fetchpriority=\"high\" decoding=\"async\" width=\"854\" height=\"854\" src=\"https:\/\/herocamper.ro\/wp-content\/uploads\/2025\/05\/HeroCamper_Foto_www.MickFriis.dk_-16_2.webp\" class=\"attachment-full size-full wp-image-86\" alt=\"\" srcset=\"https:\/\/herocamper.ro\/wp-content\/uploads\/2025\/05\/HeroCamper_Foto_www.MickFriis.dk_-16_2.webp 854w, https:\/\/herocamper.ro\/wp-content\/uploads\/2025\/05\/HeroCamper_Foto_www.MickFriis.dk_-16_2-300x300.webp 300w, https:\/\/herocamper.ro\/wp-content\/uploads\/2025\/05\/HeroCamper_Foto_www.MickFriis.dk_-16_2-150x150.webp 150w, https:\/\/herocamper.ro\/wp-content\/uploads\/2025\/05\/HeroCamper_Foto_www.MickFriis.dk_-16_2-768x768.webp 768w\" sizes=\"(max-width: 854px) 100vw, 854px\" \/>\t\t\t\t\t\t\t\t\t\t\t\t\t\t\t<\/div>\n\t\t\t\t<\/div>\n\t\t\t\t<\/div>\n\t\t<div class=\"elementor-element elementor-element-b8703fc e-con-full e-flex e-con e-child\" data-id=\"b8703fc\" data-element_type=\"container\" data-e-type=\"container\">\n\t\t\t\t<div class=\"elementor-element elementor-element-45f8706 elementor-icon-list--layout-traditional elementor-list-item-link-full_width elementor-widget elementor-widget-icon-list\" data-id=\"45f8706\" data-element_type=\"widget\" data-e-type=\"widget\" data-widget_type=\"icon-list.default\">\n\t\t\t\t<div class=\"elementor-widget-container\">\n\t\t\t\t\t\t\t<ul class=\"elementor-icon-list-items\">\n\t\t\t\t\t\t\t<li class=\"elementor-icon-list-item\">\n\t\t\t\t\t\t\t\t\t\t<span class=\"elementor-icon-list-text\">Disponibil de la 9:00- 17:00 <\/span>\n\t\t\t\t\t\t\t\t\t<\/li>\n\t\t\t\t\t\t\t\t<li class=\"elementor-icon-list-item\">\n\t\t\t\t\t\t\t\t\t\t\t<a href=\"tel:+40%20740%20071%20175\">\n\n\t\t\t\t\t\t\t\t\t\t\t\t<span class=\"elementor-icon-list-icon\">\n\t\t\t\t\t\t\t<svg aria-hidden=\"true\" class=\"e-font-icon-svg e-fas-phone\" viewBox=\"0 0 512 512\" xmlns=\"http:\/\/www.w3.org\/2000\/svg\"><path d=\"M493.4 24.6l-104-24c-11.3-2.6-22.9 3.3-27.5 13.9l-48 112c-4.2 9.8-1.4 21.3 6.9 28l60.6 49.6c-36 76.7-98.9 140.5-177.2 177.2l-49.6-60.6c-6.8-8.3-18.2-11.1-28-6.9l-112 48C3.9 366.5-2 378.1.6 389.4l24 104C27.1 504.2 36.7 512 48 512c256.1 0 464-207.5 464-464 0-11.2-7.7-20.9-18.6-23.4z\"><\/path><\/svg>\t\t\t\t\t\t<\/span>\n\t\t\t\t\t\t\t\t\t\t<span class=\"elementor-icon-list-text\">+40 740 071 175<\/span>\n\t\t\t\t\t\t\t\t\t\t\t<\/a>\n\t\t\t\t\t\t\t\t\t<\/li>\n\t\t\t\t\t\t\t\t<li class=\"elementor-icon-list-item\">\n\t\t\t\t\t\t\t\t\t\t<span class=\"elementor-icon-list-text\">Email<\/span>\n\t\t\t\t\t\t\t\t\t<\/li>\n\t\t\t\t\t\t\t\t<li class=\"elementor-icon-list-item\">\n\t\t\t\t\t\t\t\t\t\t\t<a href=\"mailto:explore@herocamper.ro\">\n\n\t\t\t\t\t\t\t\t\t\t\t\t<span class=\"elementor-icon-list-icon\">\n\t\t\t\t\t\t\t<svg aria-hidden=\"true\" class=\"e-font-icon-svg e-fas-mail-bulk\" viewBox=\"0 0 576 512\" xmlns=\"http:\/\/www.w3.org\/2000\/svg\"><path d=\"M160 448c-25.6 0-51.2-22.4-64-32-64-44.8-83.2-60.8-96-70.4V480c0 17.67 14.33 32 32 32h256c17.67 0 32-14.33 32-32V345.6c-12.8 9.6-32 25.6-96 70.4-12.8 9.6-38.4 32-64 32zm128-192H32c-17.67 0-32 14.33-32 32v16c25.6 19.2 22.4 19.2 115.2 86.4 9.6 6.4 28.8 25.6 44.8 25.6s35.2-19.2 44.8-22.4c92.8-67.2 89.6-67.2 115.2-86.4V288c0-17.67-14.33-32-32-32zm256-96H224c-17.67 0-32 14.33-32 32v32h96c33.21 0 60.59 25.42 63.71 57.82l.29-.22V416h192c17.67 0 32-14.33 32-32V192c0-17.67-14.33-32-32-32zm-32 128h-64v-64h64v64zm-352-96c0-35.29 28.71-64 64-64h224V32c0-17.67-14.33-32-32-32H96C78.33 0 64 14.33 64 32v192h96v-32z\"><\/path><\/svg>\t\t\t\t\t\t<\/span>\n\t\t\t\t\t\t\t\t\t\t<span class=\"elementor-icon-list-text\">explore@herocamper.ro<\/span>\n\t\t\t\t\t\t\t\t\t\t\t<\/a>\n\t\t\t\t\t\t\t\t\t<\/li>\n\t\t\t\t\t\t\t\t<li class=\"elementor-icon-list-item\">\n\t\t\t\t\t\t\t\t\t\t<span class=\"elementor-icon-list-text\">Adresa<\/span>\n\t\t\t\t\t\t\t\t\t<\/li>\n\t\t\t\t\t\t\t\t<li class=\"elementor-icon-list-item\">\n\t\t\t\t\t\t\t\t\t\t\t<span class=\"elementor-icon-list-icon\">\n\t\t\t\t\t\t\t<svg aria-hidden=\"true\" class=\"e-font-icon-svg e-fas-map-marked\" viewBox=\"0 0 576 512\" xmlns=\"http:\/\/www.w3.org\/2000\/svg\"><path d=\"M288 0c-69.59 0-126 56.41-126 126 0 56.26 82.35 158.8 113.9 196.02 6.39 7.54 17.82 7.54 24.2 0C331.65 284.8 414 182.26 414 126 414 56.41 357.59 0 288 0zM20.12 215.95A32.006 32.006 0 0 0 0 245.66v250.32c0 11.32 11.43 19.06 21.94 14.86L160 448V214.92c-8.84-15.98-16.07-31.54-21.25-46.42L20.12 215.95zM288 359.67c-14.07 0-27.38-6.18-36.51-16.96-19.66-23.2-40.57-49.62-59.49-76.72v182l192 64V266c-18.92 27.09-39.82 53.52-59.49 76.72-9.13 10.77-22.44 16.95-36.51 16.95zm266.06-198.51L416 224v288l139.88-55.95A31.996 31.996 0 0 0 576 426.34V176.02c0-11.32-11.43-19.06-21.94-14.86z\"><\/path><\/svg>\t\t\t\t\t\t<\/span>\n\t\t\t\t\t\t\t\t\t\t<span class=\"elementor-icon-list-text\">Apaductului, 16  T\u00e2rgu Mure\u0219<\/span>\n\t\t\t\t\t\t\t\t\t<\/li>\n\t\t\t\t\t\t<\/ul>\n\t\t\t\t\t\t<\/div>\n\t\t\t\t<\/div>\n\t\t\t\t<div class=\"elementor-element elementor-element-c7c8073 elementor-widget elementor-widget-heading\" data-id=\"c7c8073\" data-element_type=\"widget\" data-e-type=\"widget\" data-widget_type=\"heading.default\">\n\t\t\t\t<div class=\"elementor-widget-container\">\n\t\t\t\t\t<h2 class=\"elementor-heading-title elementor-size-default\">Cu ce te putem ajuta?<\/h2>\t\t\t\t<\/div>\n\t\t\t\t<\/div>\n\t\t\t\t<div class=\"elementor-element elementor-element-9d337b7 elementor-button-align-stretch elementor-widget elementor-widget-form\" data-id=\"9d337b7\" data-element_type=\"widget\" data-e-type=\"widget\" data-settings=\"{&quot;step_next_label&quot;:&quot;Next&quot;,&quot;step_previous_label&quot;:&quot;Previous&quot;,&quot;button_width&quot;:&quot;100&quot;,&quot;step_type&quot;:&quot;number_text&quot;,&quot;step_icon_shape&quot;:&quot;circle&quot;}\" data-widget_type=\"form.default\">\n\t\t\t\t<div class=\"elementor-widget-container\">\n\t\t\t\t\t\t\t<form class=\"elementor-form\" method=\"post\" name=\"New Form\" aria-label=\"New Form\">\n\t\t\t<input type=\"hidden\" name=\"post_id\" value=\"123\"\/>\n\t\t\t<input type=\"hidden\" name=\"form_id\" value=\"9d337b7\"\/>\n\t\t\t<input type=\"hidden\" name=\"referer_title\" value=\"\u00eencearc\u0103 - Hero Camper Rom\u00e2nia\" \/>\n\n\t\t\t\t\t\t\t<input type=\"hidden\" name=\"queried_id\" value=\"123\"\/>\n\t\t\t\n\t\t\t<div class=\"elementor-form-fields-wrapper elementor-labels-above\">\n\t\t\t\t\t\t\t\t<div class=\"elementor-field-type-text elementor-field-group elementor-column elementor-field-group-name elementor-col-100\">\n\t\t\t\t\t\t\t\t\t\t\t\t<label for=\"form-field-name\" class=\"elementor-field-label\">\n\t\t\t\t\t\t\t\tName\t\t\t\t\t\t\t<\/label>\n\t\t\t\t\t\t\t\t\t\t\t\t\t\t<input size=\"1\" type=\"text\" name=\"form_fields[name]\" id=\"form-field-name\" class=\"elementor-field elementor-size-sm  elementor-field-textual\" placeholder=\"Name\">\n\t\t\t\t\t\t\t\t\t\t\t<\/div>\n\t\t\t\t\t\t\t\t<div class=\"elementor-field-type-email elementor-field-group elementor-column elementor-field-group-email elementor-col-100 elementor-field-required\">\n\t\t\t\t\t\t\t\t\t\t\t\t<label for=\"form-field-email\" class=\"elementor-field-label\">\n\t\t\t\t\t\t\t\tEmail\t\t\t\t\t\t\t<\/label>\n\t\t\t\t\t\t\t\t\t\t\t\t\t\t<input size=\"1\" type=\"email\" name=\"form_fields[email]\" id=\"form-field-email\" class=\"elementor-field elementor-size-sm  elementor-field-textual\" placeholder=\"Email\" required=\"required\">\n\t\t\t\t\t\t\t\t\t\t\t<\/div>\n\t\t\t\t\t\t\t\t<div class=\"elementor-field-type-textarea elementor-field-group elementor-column elementor-field-group-message elementor-col-100\">\n\t\t\t\t\t\t\t\t\t\t\t\t<label for=\"form-field-message\" class=\"elementor-field-label\">\n\t\t\t\t\t\t\t\tMessage\t\t\t\t\t\t\t<\/label>\n\t\t\t\t\t\t<textarea class=\"elementor-field-textual elementor-field  elementor-size-sm\" name=\"form_fields[message]\" id=\"form-field-message\" rows=\"4\" placeholder=\"Message\"><\/textarea>\t\t\t\t<\/div>\n\t\t\t\t\t\t\t\t<div class=\"elementor-field-group elementor-column elementor-field-type-submit elementor-col-100 e-form__buttons\">\n\t\t\t\t\t<button class=\"elementor-button elementor-size-sm\" type=\"submit\">\n\t\t\t\t\t\t<span class=\"elementor-button-content-wrapper\">\n\t\t\t\t\t\t\t\t\t\t\t\t\t\t\t\t\t\t\t\t\t\t<span class=\"elementor-button-text\">Send<\/span>\n\t\t\t\t\t\t\t\t\t\t\t\t\t<\/span>\n\t\t\t\t\t<\/button>\n\t\t\t\t<\/div>\n\t\t\t<\/div>\n\t\t<\/form>\n\t\t\t\t\t\t<\/div>\n\t\t\t\t<\/div>\n\t\t\t\t<\/div>\n\t\t\t\t<\/div>\n\t\t<div class=\"elementor-element elementor-element-f78b140 e-con-full e-flex e-con e-child\" data-id=\"f78b140\" data-element_type=\"container\" data-e-type=\"container\">\n\t\t\t\t<div class=\"elementor-element elementor-element-9e14bc6 elementor-widget elementor-widget-button\" data-id=\"9e14bc6\" data-element_type=\"widget\" data-e-type=\"widget\" data-widget_type=\"button.default\">\n\t\t\t\t<div class=\"elementor-widget-container\">\n\t\t\t\t\t\t\t\t\t<div class=\"elementor-button-wrapper\">\n\t\t\t\t\t<a class=\"elementor-button elementor-button-link elementor-size-sm\" href=\"https:\/\/herocamper.ro\/wp-content\/uploads\/2025\/05\/RO-HeroCamper_Leaflet_Nov2023_EU.pdf\" download=\"Afl\u0103 mai multe despre HeroCamper\">\n\t\t\t\t\t\t<span class=\"elementor-button-content-wrapper\">\n\t\t\t\t\t\t\t\t\t<span class=\"elementor-button-text\">Download Leaflet<\/span>\n\t\t\t\t\t<\/span>\n\t\t\t\t\t<\/a>\n\t\t\t\t<\/div>\n\t\t\t\t\t\t\t\t<\/div>\n\t\t\t\t<\/div>\n\t\t\t\t<\/div>\n\t\t\t\t<\/div>\n\t\t\t\t\t<\/div>\n\t\t\t\t<\/div>\n\t\t\t\t<\/div>\n\t\t","protected":false},"excerpt":{"rendered":"<p>Avem mai multe de \u00eenchiriat Completeaz\u0103 acest formular sau viziteaz\u0103 site-ul nostru partener 2explore.ro pentru a vedea \u00eentreaga noastr\u0103 ofert\u0103 de \u00eenchirieri. Visit 2explore.ro for rental details Disponibil de la 9:00- 17:00 +40 740 071 175 Email explore@herocamper.ro Adresa Apaductului, 16 T\u00e2rgu Mure\u0219 Cu ce te putem ajuta? Download Leaflet<\/p>","protected":false},"author":1,"featured_media":0,"parent":0,"menu_order":0,"comment_status":"closed","ping_status":"closed","template":"","meta":{"_acf_changed":false,"inline_featured_image":false,"footnotes":""},"class_list":["post-123","page","type-page","status-publish","hentry"],"acf":[],"yoast_head":"<!-- This site is optimized with the Yoast SEO plugin v27.5 - https:\/\/yoast.com\/product\/yoast-seo-wordpress\/ -->\n<title>\u00eencearc\u0103 - Hero Camper Rom\u00e2nia<\/title>\n<meta name=\"robots\" content=\"index, follow, max-snippet:-1, max-image-preview:large, max-video-preview:-1\" \/>\n<link rel=\"canonical\" href=\"https:\/\/herocamper.ro\/hu\/try-it\/\" \/>\n<meta property=\"og:locale\" content=\"hu_HU\" \/>\n<meta property=\"og:type\" content=\"article\" \/>\n<meta property=\"og:title\" content=\"\u00eencearc\u0103 - Hero Camper Rom\u00e2nia\" \/>\n<meta property=\"og:description\" content=\"Avem mai multe de \u00eenchiriat Completeaz\u0103 acest formular sau viziteaz\u0103 site-ul nostru partener 2explore.ro pentru a vedea \u00eentreaga noastr\u0103 ofert\u0103 de \u00eenchirieri. Visit 2explore.ro for rental details Disponibil de la 9:00- 17:00 +40 740 071 175 Email explore@herocamper.ro Adresa Apaductului, 16 T\u00e2rgu Mure\u0219 Cu ce te putem ajuta? Download Leaflet\" \/>\n<meta property=\"og:url\" content=\"https:\/\/herocamper.ro\/hu\/try-it\/\" \/>\n<meta property=\"og:site_name\" content=\"Hero Camper Rom\u00e2nia\" \/>\n<meta property=\"article:publisher\" content=\"https:\/\/www.facebook.com\/share\/19vh533LfP\/?mibextid=wwXIfr\" \/>\n<meta property=\"article:modified_time\" content=\"2025-11-19T10:45:36+00:00\" \/>\n<meta property=\"og:image\" content=\"https:\/\/herocamper.ro\/wp-content\/uploads\/2025\/05\/HeroCamper_Foto_www.MickFriis.dk_-16_2.webp\" \/>\n\t<meta property=\"og:image:width\" content=\"854\" \/>\n\t<meta property=\"og:image:height\" content=\"854\" \/>\n\t<meta property=\"og:image:type\" content=\"image\/webp\" \/>\n<meta name=\"twitter:card\" content=\"summary_large_image\" \/>\n<meta name=\"twitter:label1\" content=\"Becs\u00fclt olvas\u00e1si id\u0151\" \/>\n\t<meta name=\"twitter:data1\" content=\"1 perc\" \/>\n<script type=\"application\/ld+json\" class=\"yoast-schema-graph\">{\"@context\":\"https:\\\/\\\/schema.org\",\"@graph\":[{\"@type\":\"WebPage\",\"@id\":\"https:\\\/\\\/herocamper.ro\\\/try-it\\\/\",\"url\":\"https:\\\/\\\/herocamper.ro\\\/try-it\\\/\",\"name\":\"\u00eencearc\u0103 - Hero Camper Rom\u00e2nia\",\"isPartOf\":{\"@id\":\"https:\\\/\\\/herocamper.ro\\\/#website\"},\"primaryImageOfPage\":{\"@id\":\"https:\\\/\\\/herocamper.ro\\\/try-it\\\/#primaryimage\"},\"image\":{\"@id\":\"https:\\\/\\\/herocamper.ro\\\/try-it\\\/#primaryimage\"},\"thumbnailUrl\":\"https:\\\/\\\/herocamper.ro\\\/wp-content\\\/uploads\\\/2025\\\/05\\\/HeroCamper_Foto_www.MickFriis.dk_-16_2.webp\",\"datePublished\":\"2025-05-15T15:07:59+00:00\",\"dateModified\":\"2025-11-19T10:45:36+00:00\",\"breadcrumb\":{\"@id\":\"https:\\\/\\\/herocamper.ro\\\/try-it\\\/#breadcrumb\"},\"inLanguage\":\"hu\",\"potentialAction\":[{\"@type\":\"ReadAction\",\"target\":[\"https:\\\/\\\/herocamper.ro\\\/try-it\\\/\"]}]},{\"@type\":\"ImageObject\",\"inLanguage\":\"hu\",\"@id\":\"https:\\\/\\\/herocamper.ro\\\/try-it\\\/#primaryimage\",\"url\":\"https:\\\/\\\/herocamper.ro\\\/wp-content\\\/uploads\\\/2025\\\/05\\\/HeroCamper_Foto_www.MickFriis.dk_-16_2.webp\",\"contentUrl\":\"https:\\\/\\\/herocamper.ro\\\/wp-content\\\/uploads\\\/2025\\\/05\\\/HeroCamper_Foto_www.MickFriis.dk_-16_2.webp\"},{\"@type\":\"BreadcrumbList\",\"@id\":\"https:\\\/\\\/herocamper.ro\\\/try-it\\\/#breadcrumb\",\"itemListElement\":[{\"@type\":\"ListItem\",\"position\":1,\"name\":\"Home\",\"item\":\"https:\\\/\\\/herocamper.ro\\\/\"},{\"@type\":\"ListItem\",\"position\":2,\"name\":\"\u00eencearc\u0103\"}]},{\"@type\":\"WebSite\",\"@id\":\"https:\\\/\\\/herocamper.ro\\\/#website\",\"url\":\"https:\\\/\\\/herocamper.ro\\\/\",\"name\":\"Hero Camper Rom\u00e2nia\",\"description\":\"Campeaz\u0103 ca un erou \u00een natura m\u0103rea\u021b\u0103 a Rom\u00e2niei\",\"publisher\":{\"@id\":\"https:\\\/\\\/herocamper.ro\\\/#organization\"},\"potentialAction\":[{\"@type\":\"SearchAction\",\"target\":{\"@type\":\"EntryPoint\",\"urlTemplate\":\"https:\\\/\\\/herocamper.ro\\\/?s={search_term_string}\"},\"query-input\":{\"@type\":\"PropertyValueSpecification\",\"valueRequired\":true,\"valueName\":\"search_term_string\"}}],\"inLanguage\":\"hu\"},{\"@type\":\"Organization\",\"@id\":\"https:\\\/\\\/herocamper.ro\\\/#organization\",\"name\":\"Hero Camper Rom\u00e2nia\",\"url\":\"https:\\\/\\\/herocamper.ro\\\/\",\"logo\":{\"@type\":\"ImageObject\",\"inLanguage\":\"hu\",\"@id\":\"https:\\\/\\\/herocamper.ro\\\/#\\\/schema\\\/logo\\\/image\\\/\",\"url\":\"https:\\\/\\\/herocamper.ro\\\/wp-content\\\/uploads\\\/2025\\\/05\\\/Hero-Camper-Icon.svg\",\"contentUrl\":\"https:\\\/\\\/herocamper.ro\\\/wp-content\\\/uploads\\\/2025\\\/05\\\/Hero-Camper-Icon.svg\",\"width\":100,\"height\":100,\"caption\":\"Hero Camper Rom\u00e2nia\"},\"image\":{\"@id\":\"https:\\\/\\\/herocamper.ro\\\/#\\\/schema\\\/logo\\\/image\\\/\"},\"sameAs\":[\"https:\\\/\\\/www.facebook.com\\\/share\\\/19vh533LfP\\\/?mibextid=wwXIfr\"]}]}<\/script>\n<!-- \/ Yoast SEO plugin. -->","yoast_head_json":{"title":"\u00eencearc\u0103 - Hero Camper Rom\u00e2nia","robots":{"index":"index","follow":"follow","max-snippet":"max-snippet:-1","max-image-preview":"max-image-preview:large","max-video-preview":"max-video-preview:-1"},"canonical":"https:\/\/herocamper.ro\/hu\/try-it\/","og_locale":"hu_HU","og_type":"article","og_title":"\u00eencearc\u0103 - Hero Camper Rom\u00e2nia","og_description":"Avem mai multe de \u00eenchiriat Completeaz\u0103 acest formular sau viziteaz\u0103 site-ul nostru partener 2explore.ro pentru a vedea \u00eentreaga noastr\u0103 ofert\u0103 de \u00eenchirieri. Visit 2explore.ro for rental details Disponibil de la 9:00- 17:00 +40 740 071 175 Email explore@herocamper.ro Adresa Apaductului, 16 T\u00e2rgu Mure\u0219 Cu ce te putem ajuta? Download Leaflet","og_url":"https:\/\/herocamper.ro\/hu\/try-it\/","og_site_name":"Hero Camper Rom\u00e2nia","article_publisher":"https:\/\/www.facebook.com\/share\/19vh533LfP\/?mibextid=wwXIfr","article_modified_time":"2025-11-19T10:45:36+00:00","og_image":[{"width":854,"height":854,"url":"https:\/\/herocamper.ro\/wp-content\/uploads\/2025\/05\/HeroCamper_Foto_www.MickFriis.dk_-16_2.webp","type":"image\/webp"}],"twitter_card":"summary_large_image","twitter_misc":{"Becs\u00fclt olvas\u00e1si id\u0151":"1 perc"},"schema":{"@context":"https:\/\/schema.org","@graph":[{"@type":"WebPage","@id":"https:\/\/herocamper.ro\/try-it\/","url":"https:\/\/herocamper.ro\/try-it\/","name":"\u00eencearc\u0103 - Hero Camper Rom\u00e2nia","isPartOf":{"@id":"https:\/\/herocamper.ro\/#website"},"primaryImageOfPage":{"@id":"https:\/\/herocamper.ro\/try-it\/#primaryimage"},"image":{"@id":"https:\/\/herocamper.ro\/try-it\/#primaryimage"},"thumbnailUrl":"https:\/\/herocamper.ro\/wp-content\/uploads\/2025\/05\/HeroCamper_Foto_www.MickFriis.dk_-16_2.webp","datePublished":"2025-05-15T15:07:59+00:00","dateModified":"2025-11-19T10:45:36+00:00","breadcrumb":{"@id":"https:\/\/herocamper.ro\/try-it\/#breadcrumb"},"inLanguage":"hu","potentialAction":[{"@type":"ReadAction","target":["https:\/\/herocamper.ro\/try-it\/"]}]},{"@type":"ImageObject","inLanguage":"hu","@id":"https:\/\/herocamper.ro\/try-it\/#primaryimage","url":"https:\/\/herocamper.ro\/wp-content\/uploads\/2025\/05\/HeroCamper_Foto_www.MickFriis.dk_-16_2.webp","contentUrl":"https:\/\/herocamper.ro\/wp-content\/uploads\/2025\/05\/HeroCamper_Foto_www.MickFriis.dk_-16_2.webp"},{"@type":"BreadcrumbList","@id":"https:\/\/herocamper.ro\/try-it\/#breadcrumb","itemListElement":[{"@type":"ListItem","position":1,"name":"Home","item":"https:\/\/herocamper.ro\/"},{"@type":"ListItem","position":2,"name":"\u00eencearc\u0103"}]},{"@type":"WebSite","@id":"https:\/\/herocamper.ro\/#website","url":"https:\/\/herocamper.ro\/","name":"Hero Camper Rom\u00e2nia","description":"Campeaz\u0103 ca un erou \u00een natura m\u0103rea\u021b\u0103 a Rom\u00e2niei","publisher":{"@id":"https:\/\/herocamper.ro\/#organization"},"potentialAction":[{"@type":"SearchAction","target":{"@type":"EntryPoint","urlTemplate":"https:\/\/herocamper.ro\/?s={search_term_string}"},"query-input":{"@type":"PropertyValueSpecification","valueRequired":true,"valueName":"search_term_string"}}],"inLanguage":"hu"},{"@type":"Organization","@id":"https:\/\/herocamper.ro\/#organization","name":"Hero Camper Rom\u00e2nia","url":"https:\/\/herocamper.ro\/","logo":{"@type":"ImageObject","inLanguage":"hu","@id":"https:\/\/herocamper.ro\/#\/schema\/logo\/image\/","url":"https:\/\/herocamper.ro\/wp-content\/uploads\/2025\/05\/Hero-Camper-Icon.svg","contentUrl":"https:\/\/herocamper.ro\/wp-content\/uploads\/2025\/05\/Hero-Camper-Icon.svg","width":100,"height":100,"caption":"Hero Camper Rom\u00e2nia"},"image":{"@id":"https:\/\/herocamper.ro\/#\/schema\/logo\/image\/"},"sameAs":["https:\/\/www.facebook.com\/share\/19vh533LfP\/?mibextid=wwXIfr"]}]}},"_links":{"self":[{"href":"https:\/\/herocamper.ro\/hu\/wp-json\/wp\/v2\/pages\/123","targetHints":{"allow":["GET"]}}],"collection":[{"href":"https:\/\/herocamper.ro\/hu\/wp-json\/wp\/v2\/pages"}],"about":[{"href":"https:\/\/herocamper.ro\/hu\/wp-json\/wp\/v2\/types\/page"}],"author":[{"embeddable":true,"href":"https:\/\/herocamper.ro\/hu\/wp-json\/wp\/v2\/users\/1"}],"replies":[{"embeddable":true,"href":"https:\/\/herocamper.ro\/hu\/wp-json\/wp\/v2\/comments?post=123"}],"version-history":[{"count":26,"href":"https:\/\/herocamper.ro\/hu\/wp-json\/wp\/v2\/pages\/123\/revisions"}],"predecessor-version":[{"id":1166,"href":"https:\/\/herocamper.ro\/hu\/wp-json\/wp\/v2\/pages\/123\/revisions\/1166"}],"wp:attachment":[{"href":"https:\/\/herocamper.ro\/hu\/wp-json\/wp\/v2\/media?parent=123"}],"curies":[{"name":"wp","href":"https:\/\/api.w.org\/{rel}","templated":true}]}}