{"id":121,"date":"2025-05-15T15:09:19","date_gmt":"2025-05-15T15:09:19","guid":{"rendered":"https:\/\/sandybrown-skunk-489713.hostingersite.com\/?page_id=121"},"modified":"2025-05-29T04:53:22","modified_gmt":"2025-05-29T04:53:22","slug":"cumpara","status":"publish","type":"page","link":"https:\/\/herocamper.ro\/hu\/cumpara\/","title":{"rendered":"V\u00e9tel"},"content":{"rendered":"<div data-elementor-type=\"wp-page\" data-elementor-id=\"121\" class=\"elementor elementor-121\" data-elementor-post-type=\"page\">\n\t\t\t\t<div class=\"elementor-element elementor-element-2b5cdbd e-flex e-con-boxed e-con e-parent\" data-id=\"2b5cdbd\" data-element_type=\"container\" data-e-type=\"container\" data-settings=\"{&quot;background_background&quot;:&quot;classic&quot;}\">\n\t\t\t\t\t<div class=\"e-con-inner\">\n\t\t\t\t<div class=\"elementor-element elementor-element-1362f63 elementor-hidden-desktop elementor-hidden-tablet elementor-hidden-mobile_extra elementor-widget elementor-widget-spacer\" data-id=\"1362f63\" data-element_type=\"widget\" data-e-type=\"widget\" data-widget_type=\"spacer.default\">\n\t\t\t\t<div class=\"elementor-widget-container\">\n\t\t\t\t\t\t\t<div class=\"elementor-spacer\">\n\t\t\t<div class=\"elementor-spacer-inner\"><\/div>\n\t\t<\/div>\n\t\t\t\t\t\t<\/div>\n\t\t\t\t<\/div>\n\t\t\t\t<div class=\"elementor-element elementor-element-155a976 elementor-widget__width-initial elementor-widget elementor-widget-heading\" data-id=\"155a976\" data-element_type=\"widget\" data-e-type=\"widget\" data-widget_type=\"heading.default\">\n\t\t\t\t<div class=\"elementor-widget-container\">\n\t\t\t\t\t<h2 class=\"elementor-heading-title elementor-size-default\">HeroCamper<\/h2>\t\t\t\t<\/div>\n\t\t\t\t<\/div>\n\t\t\t\t<div class=\"elementor-element elementor-element-bc974f9 elementor-widget__width-initial elementor-widget elementor-widget-text-editor\" data-id=\"bc974f9\" data-element_type=\"widget\" data-e-type=\"widget\" data-widget_type=\"text-editor.default\">\n\t\t\t\t<div class=\"elementor-widget-container\">\n\t\t\t\t\t\t\t\t\t<p class=\"p1\">Szeretn\u00e9nk elmes\u00e9lni a HeroCamper t\u00f6rt\u00e9net\u00e9t \u00e9s annak soksz\u00edn\u0171, v\u00e9gtelen lehet\u0151s\u00e9gekkel teli vil\u00e1g\u00e1t \u2013 de hogy r\u00f6viden fogalmazzunk: csak annyit akarunk mondani, hogy a HeroCamper szabads\u00e1got, rugalmass\u00e1got \u00e9s lehet\u0151s\u00e9get k\u00edn\u00e1l arra, hogy kalandokra indulj szeretteiddel \u2013 b\u00e1rhov\u00e1 is h\u00faz a sz\u00edved.<\/p><p class=\"p1\">Ak\u00e1r b\u00e1tor l\u00e9lek vagy, ak\u00e1r h\u00e9t f\u0151s kalandorcsapat, a HeroCamper-ben mindenkinek van helye.<\/p>\t\t\t\t\t\t\t\t<\/div>\n\t\t\t\t<\/div>\n\t\t\t\t\t<\/div>\n\t\t\t\t<\/div>\n\t\t<div class=\"elementor-element elementor-element-28c929f e-flex e-con-boxed e-con e-parent\" data-id=\"28c929f\" data-element_type=\"container\" data-e-type=\"container\" data-settings=\"{&quot;background_background&quot;:&quot;classic&quot;}\">\n\t\t\t\t\t<div class=\"e-con-inner\">\n\t\t<div class=\"elementor-element elementor-element-d387d7f e-con-full e-flex e-con e-child\" data-id=\"d387d7f\" data-element_type=\"container\" data-e-type=\"container\">\n\t\t\t\t<div class=\"elementor-element elementor-element-ff5bf3a elementor-widget elementor-widget-image\" data-id=\"ff5bf3a\" data-element_type=\"widget\" data-e-type=\"widget\" data-widget_type=\"image.default\">\n\t\t\t\t<div class=\"elementor-widget-container\">\n\t\t\t\t\t\t\t\t\t\t\t\t\t\t\t<img fetchpriority=\"high\" decoding=\"async\" width=\"2560\" height=\"1707\" src=\"https:\/\/herocamper.ro\/wp-content\/uploads\/2025\/05\/1-scaled-1_jpg.webp\" class=\"attachment-full size-full wp-image-223\" alt=\"\" srcset=\"https:\/\/herocamper.ro\/wp-content\/uploads\/2025\/05\/1-scaled-1_jpg.webp 2560w, https:\/\/herocamper.ro\/wp-content\/uploads\/2025\/05\/1-scaled-1_jpg-300x200.webp 300w, https:\/\/herocamper.ro\/wp-content\/uploads\/2025\/05\/1-scaled-1_jpg-1600x1067.webp 1600w, https:\/\/herocamper.ro\/wp-content\/uploads\/2025\/05\/1-scaled-1_jpg-768x512.webp 768w, https:\/\/herocamper.ro\/wp-content\/uploads\/2025\/05\/1-scaled-1_jpg-1536x1024.webp 1536w, https:\/\/herocamper.ro\/wp-content\/uploads\/2025\/05\/1-scaled-1_jpg-2048x1366.webp 2048w\" sizes=\"(max-width: 2560px) 100vw, 2560px\" \/>\t\t\t\t\t\t\t\t\t\t\t\t\t\t\t<\/div>\n\t\t\t\t<\/div>\n\t\t\t\t<\/div>\n\t\t<div class=\"elementor-element elementor-element-fc08480 e-con-full e-flex e-con e-child\" data-id=\"fc08480\" data-element_type=\"container\" data-e-type=\"container\" data-settings=\"{&quot;background_background&quot;:&quot;classic&quot;}\">\n\t\t\t\t<div class=\"elementor-element elementor-element-7bd4598 elementor-widget elementor-widget-heading\" data-id=\"7bd4598\" data-element_type=\"widget\" data-e-type=\"widget\" data-widget_type=\"heading.default\">\n\t\t\t\t<div class=\"elementor-widget-container\">\n\t\t\t\t\t<h4 class=\"elementor-heading-title elementor-size-default\">Livingston<\/h4>\t\t\t\t<\/div>\n\t\t\t\t<\/div>\n\t\t\t\t<div class=\"elementor-element elementor-element-f64e7ee elementor-widget__width-initial elementor-widget elementor-widget-text-editor\" data-id=\"f64e7ee\" data-element_type=\"widget\" data-e-type=\"widget\" data-widget_type=\"text-editor.default\">\n\t\t\t\t<div class=\"elementor-widget-container\">\n\t\t\t\t\t\t\t\t\t<p class=\"p1\"><b>Minden, amire sz\u00fcks\u00e9ged van<\/b><b><\/b><\/p><p class=\"p3\">A Livingstone modern diz\u00e1jnt \u00f6tv\u00f6z a szabadt\u00e9ri kalanddal,azoknak, akik gyors indul\u00e1sra v\u00e1gynak, felesleges felszerel\u00e9s n\u00e9lk\u00fcl.<\/p>\t\t\t\t\t\t\t\t<\/div>\n\t\t\t\t<\/div>\n\t\t\t\t<div class=\"elementor-element elementor-element-ea13a3e elementor-widget elementor-widget-heading\" data-id=\"ea13a3e\" data-element_type=\"widget\" data-e-type=\"widget\" data-widget_type=\"heading.default\">\n\t\t\t\t<div class=\"elementor-widget-container\">\n\t\t\t\t\t<h5 class=\"elementor-heading-title elementor-size-default\">Price from: 21.000 EUR ex. VAT\n\n\n<\/h5>\t\t\t\t<\/div>\n\t\t\t\t<\/div>\n\t\t\t\t<div class=\"elementor-element elementor-element-1801d42 elementor-widget elementor-widget-button\" data-id=\"1801d42\" data-element_type=\"widget\" data-e-type=\"widget\" data-widget_type=\"button.default\">\n\t\t\t\t<div class=\"elementor-widget-container\">\n\t\t\t\t\t\t\t\t\t<div class=\"elementor-button-wrapper\">\n\t\t\t\t\t<a class=\"elementor-button elementor-button-link elementor-size-sm\" href=\"https:\/\/herocamper.ro\/hu\/livingstone\/\">\n\t\t\t\t\t\t<span class=\"elementor-button-content-wrapper\">\n\t\t\t\t\t\t\t\t\t<span class=\"elementor-button-text\">Tekintsd meg a Livingstone csomagot &gt;&gt;<\/span>\n\t\t\t\t\t<\/span>\n\t\t\t\t\t<\/a>\n\t\t\t\t<\/div>\n\t\t\t\t\t\t\t\t<\/div>\n\t\t\t\t<\/div>\n\t\t\t\t<\/div>\n\t\t\t\t\t<\/div>\n\t\t\t\t<\/div>\n\t\t<div class=\"elementor-element elementor-element-4395c2e e-flex e-con-boxed e-con e-parent\" data-id=\"4395c2e\" data-element_type=\"container\" data-e-type=\"container\" data-settings=\"{&quot;background_background&quot;:&quot;classic&quot;}\">\n\t\t\t\t\t<div class=\"e-con-inner\">\n\t\t<div class=\"elementor-element elementor-element-32ffe09 e-con-full e-flex e-con e-child\" data-id=\"32ffe09\" data-element_type=\"container\" data-e-type=\"container\" data-settings=\"{&quot;background_background&quot;:&quot;classic&quot;}\">\n\t\t\t\t<div class=\"elementor-element elementor-element-ec127e1 elementor-widget elementor-widget-heading\" data-id=\"ec127e1\" data-element_type=\"widget\" data-e-type=\"widget\" data-widget_type=\"heading.default\">\n\t\t\t\t<div class=\"elementor-widget-container\">\n\t\t\t\t\t<h4 class=\"elementor-heading-title elementor-size-default\">Columbus<\/h4>\t\t\t\t<\/div>\n\t\t\t\t<\/div>\n\t\t\t\t<div class=\"elementor-element elementor-element-70fe0d5 elementor-widget__width-initial elementor-widget elementor-widget-text-editor\" data-id=\"70fe0d5\" data-element_type=\"widget\" data-e-type=\"widget\" data-widget_type=\"text-editor.default\">\n\t\t\t\t<div class=\"elementor-widget-container\">\n\t\t\t\t\t\t\t\t\t<p class=\"p1\"><b>Aki minden kieg\u00e9sz\u00edt\u0151vel \u00e9rkezik<\/b><b><\/b><\/p><p class=\"p3\">A Columbus k\u00e9nyelmet \u00e9s funkcionalit\u00e1st k\u00edn\u00e1l,\nhogy a hosszabb kalandokra val\u00f3 indul\u00e1s egyszer\u0171 \u00e9s egyenes legyen,a megfelel\u0151 mennyis\u00e9g\u0171 extra felszerel\u00e9ssel.<\/p>\t\t\t\t\t\t\t\t<\/div>\n\t\t\t\t<\/div>\n\t\t\t\t<div class=\"elementor-element elementor-element-76c7e02 elementor-widget elementor-widget-heading\" data-id=\"76c7e02\" data-element_type=\"widget\" data-e-type=\"widget\" data-widget_type=\"heading.default\">\n\t\t\t\t<div class=\"elementor-widget-container\">\n\t\t\t\t\t<h5 class=\"elementor-heading-title elementor-size-default\">Price from: 22.000 EUR  fara TVA\n<\/h5>\t\t\t\t<\/div>\n\t\t\t\t<\/div>\n\t\t\t\t<div class=\"elementor-element elementor-element-15d42d9 elementor-widget elementor-widget-button\" data-id=\"15d42d9\" data-element_type=\"widget\" data-e-type=\"widget\" data-widget_type=\"button.default\">\n\t\t\t\t<div class=\"elementor-widget-container\">\n\t\t\t\t\t\t\t\t\t<div class=\"elementor-button-wrapper\">\n\t\t\t\t\t<a class=\"elementor-button elementor-button-link elementor-size-sm\" href=\"https:\/\/herocamper.ro\/hu\/columbus\/\">\n\t\t\t\t\t\t<span class=\"elementor-button-content-wrapper\">\n\t\t\t\t\t\t\t\t\t<span class=\"elementor-button-text\">Vezi pachetul Columbus\u200b &gt;&gt;<\/span>\n\t\t\t\t\t<\/span>\n\t\t\t\t\t<\/a>\n\t\t\t\t<\/div>\n\t\t\t\t\t\t\t\t<\/div>\n\t\t\t\t<\/div>\n\t\t\t\t<\/div>\n\t\t<div class=\"elementor-element elementor-element-a6d5814 e-con-full e-flex e-con e-child\" data-id=\"a6d5814\" data-element_type=\"container\" data-e-type=\"container\">\n\t\t\t\t<div class=\"elementor-element elementor-element-dd70307 elementor-widget elementor-widget-image\" data-id=\"dd70307\" data-element_type=\"widget\" data-e-type=\"widget\" data-widget_type=\"image.default\">\n\t\t\t\t<div class=\"elementor-widget-container\">\n\t\t\t\t\t\t\t\t\t\t\t\t\t\t\t<img decoding=\"async\" width=\"2560\" height=\"1707\" src=\"https:\/\/herocamper.ro\/wp-content\/uploads\/2025\/05\/2-2-scaled-1_jpg.webp\" class=\"attachment-full size-full wp-image-224\" alt=\"\" srcset=\"https:\/\/herocamper.ro\/wp-content\/uploads\/2025\/05\/2-2-scaled-1_jpg.webp 2560w, https:\/\/herocamper.ro\/wp-content\/uploads\/2025\/05\/2-2-scaled-1_jpg-300x200.webp 300w, https:\/\/herocamper.ro\/wp-content\/uploads\/2025\/05\/2-2-scaled-1_jpg-1600x1067.webp 1600w, https:\/\/herocamper.ro\/wp-content\/uploads\/2025\/05\/2-2-scaled-1_jpg-768x512.webp 768w, https:\/\/herocamper.ro\/wp-content\/uploads\/2025\/05\/2-2-scaled-1_jpg-1536x1024.webp 1536w, https:\/\/herocamper.ro\/wp-content\/uploads\/2025\/05\/2-2-scaled-1_jpg-2048x1366.webp 2048w\" sizes=\"(max-width: 2560px) 100vw, 2560px\" \/>\t\t\t\t\t\t\t\t\t\t\t\t\t\t\t<\/div>\n\t\t\t\t<\/div>\n\t\t\t\t<\/div>\n\t\t\t\t\t<\/div>\n\t\t\t\t<\/div>\n\t\t<div class=\"elementor-element elementor-element-0678eaa e-flex e-con-boxed e-con e-parent\" data-id=\"0678eaa\" data-element_type=\"container\" data-e-type=\"container\" data-settings=\"{&quot;background_background&quot;:&quot;classic&quot;}\">\n\t\t\t\t\t<div class=\"e-con-inner\">\n\t\t<div class=\"elementor-element elementor-element-adcdec3 e-con-full e-flex e-con e-child\" data-id=\"adcdec3\" data-element_type=\"container\" data-e-type=\"container\">\n\t\t\t\t<div class=\"elementor-element elementor-element-fc60682 elementor-widget elementor-widget-image\" data-id=\"fc60682\" data-element_type=\"widget\" data-e-type=\"widget\" data-widget_type=\"image.default\">\n\t\t\t\t<div class=\"elementor-widget-container\">\n\t\t\t\t\t\t\t\t\t\t\t\t\t\t\t<img decoding=\"async\" width=\"2560\" height=\"1707\" src=\"https:\/\/herocamper.ro\/wp-content\/uploads\/2025\/05\/Armstrong-2-scaled-1.jpg\" class=\"attachment-full size-full wp-image-225\" alt=\"\" srcset=\"https:\/\/herocamper.ro\/wp-content\/uploads\/2025\/05\/Armstrong-2-scaled-1.jpg 2560w, https:\/\/herocamper.ro\/wp-content\/uploads\/2025\/05\/Armstrong-2-scaled-1-300x200.jpg 300w, https:\/\/herocamper.ro\/wp-content\/uploads\/2025\/05\/Armstrong-2-scaled-1-1600x1067.jpg 1600w, https:\/\/herocamper.ro\/wp-content\/uploads\/2025\/05\/Armstrong-2-scaled-1-768x512.jpg 768w, https:\/\/herocamper.ro\/wp-content\/uploads\/2025\/05\/Armstrong-2-scaled-1-1536x1024.jpg 1536w, https:\/\/herocamper.ro\/wp-content\/uploads\/2025\/05\/Armstrong-2-scaled-1-2048x1366.jpg 2048w\" sizes=\"(max-width: 2560px) 100vw, 2560px\" \/>\t\t\t\t\t\t\t\t\t\t\t\t\t\t\t<\/div>\n\t\t\t\t<\/div>\n\t\t\t\t<\/div>\n\t\t<div class=\"elementor-element elementor-element-a427678 e-con-full e-flex e-con e-child\" data-id=\"a427678\" data-element_type=\"container\" data-e-type=\"container\" data-settings=\"{&quot;background_background&quot;:&quot;classic&quot;}\">\n\t\t\t\t<div class=\"elementor-element elementor-element-2d4f391 elementor-widget elementor-widget-heading\" data-id=\"2d4f391\" data-element_type=\"widget\" data-e-type=\"widget\" data-widget_type=\"heading.default\">\n\t\t\t\t<div class=\"elementor-widget-container\">\n\t\t\t\t\t<h4 class=\"elementor-heading-title elementor-size-default\">Armstrong<\/h4>\t\t\t\t<\/div>\n\t\t\t\t<\/div>\n\t\t\t\t<div class=\"elementor-element elementor-element-f7c5fef elementor-widget__width-initial elementor-widget elementor-widget-text-editor\" data-id=\"f7c5fef\" data-element_type=\"widget\" data-e-type=\"widget\" data-widget_type=\"text-editor.default\">\n\t\t\t\t<div class=\"elementor-widget-container\">\n\t\t\t\t\t\t\t\t\t<p class=\"p1\"><b>Azoknak, akik nem \u00e9rik be kevesebbel<\/b><b><\/b><\/p><p class=\"p3\">Az Armstrong a v\u00e9gs\u0151 kieg\u00e9sz\u00edt\u0151csomag,\namely nem ismer kompromisszumot a felszerel\u00e9s ter\u00e9n, b\u00e1rhov\u00e1 is vezessen az utad, b\u00e1rmennyi ideig is tartson.<\/p>\t\t\t\t\t\t\t\t<\/div>\n\t\t\t\t<\/div>\n\t\t\t\t<div class=\"elementor-element elementor-element-f2e1725 elementor-widget elementor-widget-heading\" data-id=\"f2e1725\" data-element_type=\"widget\" data-e-type=\"widget\" data-widget_type=\"heading.default\">\n\t\t\t\t<div class=\"elementor-widget-container\">\n\t\t\t\t\t<h5 class=\"elementor-heading-title elementor-size-default\">Price from: 25.300 EUR  fara TVA\n\n\n<\/h5>\t\t\t\t<\/div>\n\t\t\t\t<\/div>\n\t\t\t\t<div class=\"elementor-element elementor-element-4625dc8 elementor-widget elementor-widget-button\" data-id=\"4625dc8\" data-element_type=\"widget\" data-e-type=\"widget\" data-widget_type=\"button.default\">\n\t\t\t\t<div class=\"elementor-widget-container\">\n\t\t\t\t\t\t\t\t\t<div class=\"elementor-button-wrapper\">\n\t\t\t\t\t<a class=\"elementor-button elementor-button-link elementor-size-sm\" href=\"https:\/\/herocamper.ro\/hu\/armstrong\/\">\n\t\t\t\t\t\t<span class=\"elementor-button-content-wrapper\">\n\t\t\t\t\t\t\t\t\t<span class=\"elementor-button-text\">Tekintsd meg a Livingstone csomagot &gt;&gt;<\/span>\n\t\t\t\t\t<\/span>\n\t\t\t\t\t<\/a>\n\t\t\t\t<\/div>\n\t\t\t\t\t\t\t\t<\/div>\n\t\t\t\t<\/div>\n\t\t\t\t<\/div>\n\t\t\t\t\t<\/div>\n\t\t\t\t<\/div>\n\t\t\t\t<\/div>","protected":false},"excerpt":{"rendered":"<p>HeroCamper Ne-ar pl\u0103cea s\u0103 spunem povestea HeroCamper \u0219i a lumii sale pline de diversitate \u0219i posibilit\u0103\u021bi nelimitate, dar ca s\u0103 fim scur\u021bi: vrem doar s\u0103-\u021bi spunem c\u0103 HeroCamper \u00ee\u021bi ofer\u0103 libertate, flexibilitate \u0219i \u0219ansa de a pleca \u00een aventuri al\u0103turi de cei dragi \u2013 oriunde te poart\u0103 inima. Fie c\u0103 e\u0219ti un suflet curajos sau [&hellip;]<\/p>\n","protected":false},"author":1,"featured_media":0,"parent":0,"menu_order":0,"comment_status":"closed","ping_status":"closed","template":"","meta":{"_acf_changed":false,"inline_featured_image":false,"footnotes":""},"class_list":["post-121","page","type-page","status-publish","hentry"],"acf":[],"yoast_head":"<!-- This site is optimized with the Yoast SEO plugin v27.5 - https:\/\/yoast.com\/product\/yoast-seo-wordpress\/ -->\n<title>Cump\u0103r\u0103 - Hero Camper Rom\u00e2nia<\/title>\n<meta name=\"robots\" content=\"index, follow, max-snippet:-1, max-image-preview:large, max-video-preview:-1\" \/>\n<link rel=\"canonical\" href=\"https:\/\/herocamper.ro\/hu\/cumpara\/\" \/>\n<meta property=\"og:locale\" content=\"hu_HU\" \/>\n<meta property=\"og:type\" content=\"article\" \/>\n<meta property=\"og:title\" content=\"Cump\u0103r\u0103 - Hero Camper Rom\u00e2nia\" \/>\n<meta property=\"og:description\" content=\"HeroCamper Ne-ar pl\u0103cea s\u0103 spunem povestea HeroCamper \u0219i a lumii sale pline de diversitate \u0219i posibilit\u0103\u021bi nelimitate, dar ca s\u0103 fim scur\u021bi: vrem doar s\u0103-\u021bi spunem c\u0103 HeroCamper \u00ee\u021bi ofer\u0103 libertate, flexibilitate \u0219i \u0219ansa de a pleca \u00een aventuri al\u0103turi de cei dragi \u2013 oriunde te poart\u0103 inima. Fie c\u0103 e\u0219ti un suflet curajos sau [&hellip;]\" \/>\n<meta property=\"og:url\" content=\"https:\/\/herocamper.ro\/hu\/cumpara\/\" \/>\n<meta property=\"og:site_name\" content=\"Hero Camper Rom\u00e2nia\" \/>\n<meta property=\"article:publisher\" content=\"https:\/\/www.facebook.com\/share\/19vh533LfP\/?mibextid=wwXIfr\" \/>\n<meta property=\"article:modified_time\" content=\"2025-05-29T04:53:22+00:00\" \/>\n<meta property=\"og:image\" content=\"https:\/\/herocamper.ro\/wp-content\/uploads\/2025\/05\/1-scaled-1_jpg.webp\" \/>\n<meta name=\"twitter:card\" content=\"summary_large_image\" \/>\n<meta name=\"twitter:label1\" content=\"Becs\u00fclt olvas\u00e1si id\u0151\" \/>\n\t<meta name=\"twitter:data1\" content=\"1 perc\" \/>\n<script type=\"application\/ld+json\" class=\"yoast-schema-graph\">{\"@context\":\"https:\\\/\\\/schema.org\",\"@graph\":[{\"@type\":\"WebPage\",\"@id\":\"https:\\\/\\\/herocamper.ro\\\/hu\\\/cumpara\\\/\",\"url\":\"https:\\\/\\\/herocamper.ro\\\/hu\\\/cumpara\\\/\",\"name\":\"Cump\u0103r\u0103 - Hero Camper Rom\u00e2nia\",\"isPartOf\":{\"@id\":\"https:\\\/\\\/herocamper.ro\\\/#website\"},\"primaryImageOfPage\":{\"@id\":\"https:\\\/\\\/herocamper.ro\\\/hu\\\/cumpara\\\/#primaryimage\"},\"image\":{\"@id\":\"https:\\\/\\\/herocamper.ro\\\/hu\\\/cumpara\\\/#primaryimage\"},\"thumbnailUrl\":\"https:\\\/\\\/herocamper.ro\\\/wp-content\\\/uploads\\\/2025\\\/05\\\/1-scaled-1_jpg.webp\",\"datePublished\":\"2025-05-15T15:09:19+00:00\",\"dateModified\":\"2025-05-29T04:53:22+00:00\",\"breadcrumb\":{\"@id\":\"https:\\\/\\\/herocamper.ro\\\/hu\\\/cumpara\\\/#breadcrumb\"},\"inLanguage\":\"hu\",\"potentialAction\":[{\"@type\":\"ReadAction\",\"target\":[\"https:\\\/\\\/herocamper.ro\\\/hu\\\/cumpara\\\/\"]}]},{\"@type\":\"ImageObject\",\"inLanguage\":\"hu\",\"@id\":\"https:\\\/\\\/herocamper.ro\\\/hu\\\/cumpara\\\/#primaryimage\",\"url\":\"https:\\\/\\\/herocamper.ro\\\/wp-content\\\/uploads\\\/2025\\\/05\\\/1-scaled-1_jpg.webp\",\"contentUrl\":\"https:\\\/\\\/herocamper.ro\\\/wp-content\\\/uploads\\\/2025\\\/05\\\/1-scaled-1_jpg.webp\"},{\"@type\":\"BreadcrumbList\",\"@id\":\"https:\\\/\\\/herocamper.ro\\\/hu\\\/cumpara\\\/#breadcrumb\",\"itemListElement\":[{\"@type\":\"ListItem\",\"position\":1,\"name\":\"Home\",\"item\":\"https:\\\/\\\/herocamper.ro\\\/\"},{\"@type\":\"ListItem\",\"position\":2,\"name\":\"Cump\u0103r\u0103\"}]},{\"@type\":\"WebSite\",\"@id\":\"https:\\\/\\\/herocamper.ro\\\/#website\",\"url\":\"https:\\\/\\\/herocamper.ro\\\/\",\"name\":\"Hero Camper Rom\u00e2nia\",\"description\":\"Campeaz\u0103 ca un erou \u00een natura m\u0103rea\u021b\u0103 a Rom\u00e2niei\",\"publisher\":{\"@id\":\"https:\\\/\\\/herocamper.ro\\\/#organization\"},\"potentialAction\":[{\"@type\":\"SearchAction\",\"target\":{\"@type\":\"EntryPoint\",\"urlTemplate\":\"https:\\\/\\\/herocamper.ro\\\/?s={search_term_string}\"},\"query-input\":{\"@type\":\"PropertyValueSpecification\",\"valueRequired\":true,\"valueName\":\"search_term_string\"}}],\"inLanguage\":\"hu\"},{\"@type\":\"Organization\",\"@id\":\"https:\\\/\\\/herocamper.ro\\\/#organization\",\"name\":\"Hero Camper Rom\u00e2nia\",\"url\":\"https:\\\/\\\/herocamper.ro\\\/\",\"logo\":{\"@type\":\"ImageObject\",\"inLanguage\":\"hu\",\"@id\":\"https:\\\/\\\/herocamper.ro\\\/#\\\/schema\\\/logo\\\/image\\\/\",\"url\":\"https:\\\/\\\/herocamper.ro\\\/wp-content\\\/uploads\\\/2025\\\/05\\\/Hero-Camper-Icon.svg\",\"contentUrl\":\"https:\\\/\\\/herocamper.ro\\\/wp-content\\\/uploads\\\/2025\\\/05\\\/Hero-Camper-Icon.svg\",\"width\":100,\"height\":100,\"caption\":\"Hero Camper Rom\u00e2nia\"},\"image\":{\"@id\":\"https:\\\/\\\/herocamper.ro\\\/#\\\/schema\\\/logo\\\/image\\\/\"},\"sameAs\":[\"https:\\\/\\\/www.facebook.com\\\/share\\\/19vh533LfP\\\/?mibextid=wwXIfr\"]}]}<\/script>\n<!-- \/ Yoast SEO plugin. -->","yoast_head_json":{"title":"Cump\u0103r\u0103 - Hero Camper Rom\u00e2nia","robots":{"index":"index","follow":"follow","max-snippet":"max-snippet:-1","max-image-preview":"max-image-preview:large","max-video-preview":"max-video-preview:-1"},"canonical":"https:\/\/herocamper.ro\/hu\/cumpara\/","og_locale":"hu_HU","og_type":"article","og_title":"Cump\u0103r\u0103 - Hero Camper Rom\u00e2nia","og_description":"HeroCamper Ne-ar pl\u0103cea s\u0103 spunem povestea HeroCamper \u0219i a lumii sale pline de diversitate \u0219i posibilit\u0103\u021bi nelimitate, dar ca s\u0103 fim scur\u021bi: vrem doar s\u0103-\u021bi spunem c\u0103 HeroCamper \u00ee\u021bi ofer\u0103 libertate, flexibilitate \u0219i \u0219ansa de a pleca \u00een aventuri al\u0103turi de cei dragi \u2013 oriunde te poart\u0103 inima. Fie c\u0103 e\u0219ti un suflet curajos sau [&hellip;]","og_url":"https:\/\/herocamper.ro\/hu\/cumpara\/","og_site_name":"Hero Camper Rom\u00e2nia","article_publisher":"https:\/\/www.facebook.com\/share\/19vh533LfP\/?mibextid=wwXIfr","article_modified_time":"2025-05-29T04:53:22+00:00","og_image":[{"url":"https:\/\/herocamper.ro\/wp-content\/uploads\/2025\/05\/1-scaled-1_jpg.webp","type":"","width":"","height":""}],"twitter_card":"summary_large_image","twitter_misc":{"Becs\u00fclt olvas\u00e1si id\u0151":"1 perc"},"schema":{"@context":"https:\/\/schema.org","@graph":[{"@type":"WebPage","@id":"https:\/\/herocamper.ro\/hu\/cumpara\/","url":"https:\/\/herocamper.ro\/hu\/cumpara\/","name":"Cump\u0103r\u0103 - Hero Camper Rom\u00e2nia","isPartOf":{"@id":"https:\/\/herocamper.ro\/#website"},"primaryImageOfPage":{"@id":"https:\/\/herocamper.ro\/hu\/cumpara\/#primaryimage"},"image":{"@id":"https:\/\/herocamper.ro\/hu\/cumpara\/#primaryimage"},"thumbnailUrl":"https:\/\/herocamper.ro\/wp-content\/uploads\/2025\/05\/1-scaled-1_jpg.webp","datePublished":"2025-05-15T15:09:19+00:00","dateModified":"2025-05-29T04:53:22+00:00","breadcrumb":{"@id":"https:\/\/herocamper.ro\/hu\/cumpara\/#breadcrumb"},"inLanguage":"hu","potentialAction":[{"@type":"ReadAction","target":["https:\/\/herocamper.ro\/hu\/cumpara\/"]}]},{"@type":"ImageObject","inLanguage":"hu","@id":"https:\/\/herocamper.ro\/hu\/cumpara\/#primaryimage","url":"https:\/\/herocamper.ro\/wp-content\/uploads\/2025\/05\/1-scaled-1_jpg.webp","contentUrl":"https:\/\/herocamper.ro\/wp-content\/uploads\/2025\/05\/1-scaled-1_jpg.webp"},{"@type":"BreadcrumbList","@id":"https:\/\/herocamper.ro\/hu\/cumpara\/#breadcrumb","itemListElement":[{"@type":"ListItem","position":1,"name":"Home","item":"https:\/\/herocamper.ro\/"},{"@type":"ListItem","position":2,"name":"Cump\u0103r\u0103"}]},{"@type":"WebSite","@id":"https:\/\/herocamper.ro\/#website","url":"https:\/\/herocamper.ro\/","name":"Hero Camper Rom\u00e2nia","description":"Campeaz\u0103 ca un erou \u00een natura m\u0103rea\u021b\u0103 a Rom\u00e2niei","publisher":{"@id":"https:\/\/herocamper.ro\/#organization"},"potentialAction":[{"@type":"SearchAction","target":{"@type":"EntryPoint","urlTemplate":"https:\/\/herocamper.ro\/?s={search_term_string}"},"query-input":{"@type":"PropertyValueSpecification","valueRequired":true,"valueName":"search_term_string"}}],"inLanguage":"hu"},{"@type":"Organization","@id":"https:\/\/herocamper.ro\/#organization","name":"Hero Camper Rom\u00e2nia","url":"https:\/\/herocamper.ro\/","logo":{"@type":"ImageObject","inLanguage":"hu","@id":"https:\/\/herocamper.ro\/#\/schema\/logo\/image\/","url":"https:\/\/herocamper.ro\/wp-content\/uploads\/2025\/05\/Hero-Camper-Icon.svg","contentUrl":"https:\/\/herocamper.ro\/wp-content\/uploads\/2025\/05\/Hero-Camper-Icon.svg","width":100,"height":100,"caption":"Hero Camper Rom\u00e2nia"},"image":{"@id":"https:\/\/herocamper.ro\/#\/schema\/logo\/image\/"},"sameAs":["https:\/\/www.facebook.com\/share\/19vh533LfP\/?mibextid=wwXIfr"]}]}},"_links":{"self":[{"href":"https:\/\/herocamper.ro\/hu\/wp-json\/wp\/v2\/pages\/121","targetHints":{"allow":["GET"]}}],"collection":[{"href":"https:\/\/herocamper.ro\/hu\/wp-json\/wp\/v2\/pages"}],"about":[{"href":"https:\/\/herocamper.ro\/hu\/wp-json\/wp\/v2\/types\/page"}],"author":[{"embeddable":true,"href":"https:\/\/herocamper.ro\/hu\/wp-json\/wp\/v2\/users\/1"}],"replies":[{"embeddable":true,"href":"https:\/\/herocamper.ro\/hu\/wp-json\/wp\/v2\/comments?post=121"}],"version-history":[{"count":23,"href":"https:\/\/herocamper.ro\/hu\/wp-json\/wp\/v2\/pages\/121\/revisions"}],"predecessor-version":[{"id":462,"href":"https:\/\/herocamper.ro\/hu\/wp-json\/wp\/v2\/pages\/121\/revisions\/462"}],"wp:attachment":[{"href":"https:\/\/herocamper.ro\/hu\/wp-json\/wp\/v2\/media?parent=121"}],"curies":[{"name":"wp","href":"https:\/\/api.w.org\/{rel}","templated":true}]}}